{"id":13266,"date":"2026-03-02T10:56:22","date_gmt":"2026-03-02T09:56:22","guid":{"rendered":"https:\/\/www.dataserv.tn\/?page_id=13266"},"modified":"2026-03-03T12:29:09","modified_gmt":"2026-03-03T11:29:09","slug":"actualites-dataserv","status":"publish","type":"page","link":"https:\/\/www.dataserv.tn\/en\/actualites-dataserv\/","title":{"rendered":"News"},"content":{"rendered":"<div data-elementor-type=\"wp-page\" data-elementor-id=\"13266\" class=\"elementor elementor-13266\">\n\t\t\t\t        <section class=\"elementor-section elementor-top-section elementor-element elementor-element-37109a3 ct-row-scroll-fixed ct-column-order elementor-section-boxed elementor-section-height-default elementor-section-height-default ct-header-fixed-none ct-row-gradient--none\" data-id=\"37109a3\" data-element_type=\"section\" data-e-type=\"section\">\n            \n                        <div class=\"elementor-container elementor-column-gap-extended\">\n                    <div class=\"elementor-column elementor-col-100 elementor-top-column elementor-element elementor-element-067a67a ct-column-none col-offset-none col-color-offset-none\" data-id=\"067a67a\" data-element_type=\"column\" data-e-type=\"column\">\n        <div class=\"elementor-widget-wrap elementor-element-populated\">\n                    \n        \t\t<div class=\"elementor-element elementor-element-ccccd5c elementor-widget elementor-widget-ct_heading\" data-id=\"ccccd5c\" data-element_type=\"widget\" data-e-type=\"widget\" data-widget_type=\"ct_heading.default\">\n\t\t\t\t<div class=\"elementor-widget-container\">\n\t\t\t\t\t<div id=\"ct_heading-ccccd5c\" class=\"ct-heading h-align- item-st-default highlight-style1\">\n  <div class=\"ct-heading--inner\"> \n    <div class=\"ct-inline-css\"  data-css=\"                                \">\n    <\/div>\n  \n\t    <h1 class=\"item--title st-default\" data-wow-delay=\"ms\">\n        <span class=\"ct-text-inner\">\u00c9v\u00e9nements, Salons &#038; Innovations Technologiques<\/span>    <\/h1>\n  <\/div>\n<\/div>\n\t\t\t\t<\/div>\n\t\t\t\t<\/div>\n\t\t\t\t<div class=\"elementor-element elementor-element-08d4d57 elementor-widget elementor-widget-text-editor\" data-id=\"08d4d57\" data-element_type=\"widget\" data-e-type=\"widget\" data-widget_type=\"text-editor.default\">\n\t\t\t\t\t\t\t\t\t<p>D\u00e9couvrez les derni\u00e8res actualit\u00e9s de Dataserv : \u00e9v\u00e9nements technologiques, salons professionnels, nouveaut\u00e9s en cybers\u00e9curit\u00e9, solutions cloud et infrastructure IT pour entreprises.<br data-start=\"968\" data-end=\"971\" \/>Nous partageons r\u00e9guli\u00e8rement nos expertises, nos projets et notre engagement dans le d\u00e9veloppement digital des entreprises en Tunisie et dans la r\u00e9gion.<\/p>\t\t\t\t\t\t\t\t<\/div>\n\t\t\t\t<div class=\"elementor-element elementor-element-df361e8 elementor-widget__width-initial elementor-widget elementor-widget-ct_image\" data-id=\"df361e8\" data-element_type=\"widget\" data-e-type=\"widget\" data-widget_type=\"ct_image.default\">\n\t\t\t\t<div class=\"elementor-widget-container\">\n\t\t\t\t\t<div class=\"ct-image-single ct-no-effect\" data-width=\"\" data-height=\"\" data-wow-delay=\"ms\">\n            <div class=\"ct-image-single--inner\">\n                            <img fetchpriority=\"high\" decoding=\"async\" class=\"no-lazyload img-main\" src=\"https:\/\/www.dataserv.tn\/wp-content\/uploads\/2026\/03\/titre-evenements-1.webp\" width=\"1000\" height=\"270\" alt=\"titre-evenements (1)\" title=\"titre-evenements (1)\" \/>                    <\/div>\n    <\/div>\t\t\t\t<\/div>\n\t\t\t\t<\/div>\n\t\t\t\t<div class=\"elementor-element elementor-element-424eb4a elementor-widget elementor-widget-ct_heading\" data-id=\"424eb4a\" data-element_type=\"widget\" data-e-type=\"widget\" data-widget_type=\"ct_heading.default\">\n\t\t\t\t<div class=\"elementor-widget-container\">\n\t\t\t\t\t<div id=\"ct_heading-424eb4a\" class=\"ct-heading h-align- item-st-default highlight-style1\">\n  <div class=\"ct-heading--inner\"> \n    <div class=\"ct-inline-css\"  data-css=\"                                \">\n    <\/div>\n  \n\t    <h2 class=\"item--title st-default\" data-wow-delay=\"ms\">\n        <span class=\"ct-text-inner\">Dataserv au rendez-vous incontournable du e-commerce et de l\u2019innovation en Afrique<\/span>    <\/h2>\n  <\/div>\n<\/div>\n\t\t\t\t<\/div>\n\t\t\t\t<\/div>\n\t\t\t\t<div class=\"elementor-element elementor-element-70986dd elementor-widget__width-initial elementor-widget elementor-widget-ct_text_editor\" data-id=\"70986dd\" data-element_type=\"widget\" data-e-type=\"widget\" data-widget_type=\"ct_text_editor.default\">\n\t\t\t\t<div class=\"elementor-widget-container\">\n\t\t\t\t\t<div id=\"ct_text_editor-70986dd\" class=\"ct-text-editor\" data-wow-delay=\"ms\">\n\t<div class=\"ct-item--inner\">\n\t\t<div class=\"ct-inline-css\"  data-css=\"\t        \t\t\t\">\n\n\t    <\/div>\n\t\t<div class=\"ct-text-editor elementor-clearfix\">\n\t\t\t<p data-start=\"279\" data-end=\"466\">Dataserv est fier d\u2019annoncer sa participation \u00e0 <strong data-start=\"327\" data-end=\"368\"><span class=\"hover:entity-accent entity-underline inline cursor-pointer align-baseline\"><span class=\"whitespace-normal\">ECSEL Expo 2025<\/span><\/span><\/strong>, l\u2019\u00e9v\u00e9nement majeur d\u00e9di\u00e9 au e-commerce, aux technologies digitales et \u00e0 l\u2019innovation en Afrique.<\/p><p data-start=\"468\" data-end=\"694\">Ce salon international repr\u00e9sente une opportunit\u00e9 strat\u00e9gique pour pr\u00e9senter nos solutions IT et cybers\u00e9curit\u00e9 aux entreprises souhaitant renforcer leur transformation digitale et s\u00e9curiser leurs infrastructures informatiques.<\/p>\t\t\n\t\t<\/div>\n\t<\/div>\n<\/div>\t\t\t\t<\/div>\n\t\t\t\t<\/div>\n\t\t        <section class=\"elementor-section elementor-inner-section elementor-element elementor-element-4abd26e elementor-section-boxed elementor-section-height-default elementor-section-height-default ct-header-fixed-none ct-column-none ct-row-scroll-none ct-row-gradient--none\" data-id=\"4abd26e\" data-element_type=\"section\" data-e-type=\"section\">\n            \n                        <div class=\"elementor-container elementor-column-gap-extended\">\n                    <div class=\"elementor-column elementor-col-50 elementor-inner-column elementor-element elementor-element-4c2f4aa ct-column-none col-offset-none col-color-offset-none\" data-id=\"4c2f4aa\" data-element_type=\"column\" data-e-type=\"column\" data-settings=\"{&quot;background_background&quot;:&quot;classic&quot;}\">\n        <div class=\"elementor-widget-wrap elementor-element-populated\">\n                    <div class=\"elementor-background-overlay\"><\/div>\n                    \n        \t\t<div class=\"elementor-element elementor-element-8620b94 elementor-widget elementor-widget-image\" data-id=\"8620b94\" data-element_type=\"widget\" data-e-type=\"widget\" data-widget_type=\"image.default\">\n\t\t\t\t\t\t\t\t\t\t\t\t\t\t\t<img decoding=\"async\" src=\"https:\/\/www.dataserv.tn\/wp-content\/uploads\/elementor\/thumbs\/WhatsApp-Image-2026-03-03-at-12.06.00-rjymrlw15u0fbm8bdp4dcawsi97gifdqju2b88l8y0.webp\" title=\"WhatsApp-Image-2026-03-03-at-12.06.00\" alt=\"WhatsApp-Image-2026-03-03-at-12.06.00\" loading=\"lazy\" \/>\t\t\t\t\t\t\t\t\t\t\t\t\t\t\t<\/div>\n\t\t            <\/div>\n        <\/div>\n                <div class=\"elementor-column elementor-col-50 elementor-inner-column elementor-element elementor-element-67f1512 ct-column-none col-offset-none col-color-offset-none\" data-id=\"67f1512\" data-element_type=\"column\" data-e-type=\"column\" data-settings=\"{&quot;background_background&quot;:&quot;classic&quot;}\">\n        <div class=\"elementor-widget-wrap elementor-element-populated\">\n                    <div class=\"elementor-background-overlay\"><\/div>\n                    \n        \t\t<div class=\"elementor-element elementor-element-dd8b357 elementor-widget elementor-widget-ct_fancy_box\" data-id=\"dd8b357\" data-element_type=\"widget\" data-e-type=\"widget\" data-widget_type=\"ct_fancy_box.default\">\n\t\t\t\t<div class=\"elementor-widget-container\">\n\t\t\t\t\t<div id=\"ct_fancy_box-dd8b357\" class=\"ct-fancy-box ct-fancy-box-layout9\" data-wow-delay=\"ms\">\n    <div class=\"item--inner\">\n        <div class=\"item--holder\">\n            <div class=\"item--meta\">\n                                    <div class=\"item--icon\">\n                        <i aria-hidden=\"true\" class=\"flaticon flaticon-best-seller\"><\/i>                    <\/div>\n                                                <div class=\"item--category el-empry\"><\/div>\n            <\/div>\n            <h4 class=\"item--title\">\n                <cite>ECSEL Expo 2025<\/cite>            <\/h4>\n            <div class=\"item--description\">\ud83d\udccdSAFEX \u2013 Palais des Expositions d\u2019Alger, Pavillon Central <br\/>\n\ud83d\udcc6 15 \u2013 18 octobre 2025 <br\/>\n\nECSEL Expo rassemble des acteurs cl\u00e9s du num\u00e9rique, des startups innovantes, des entreprises technologiques et des d\u00e9cideurs du secteur digital \u00e0 l\u2019\u00e9chelle africaine.<\/div>\n        <\/div>\n            <\/div>\n    <div class=\"item--shadow\"><\/div>\n<\/div>\t\t\t\t<\/div>\n\t\t\t\t<\/div>\n\t\t            <\/div>\n        <\/div>\n                    <\/div>\n        <\/section>\n                    <\/div>\n        <\/div>\n                    <\/div>\n        <\/section>\n        <div class=\"elementor-element elementor-element-8019b44 e-flex e-con-boxed e-con e-parent\" data-id=\"8019b44\" data-element_type=\"container\" data-e-type=\"container\">\n\t\t\t\t\t<div class=\"e-con-inner\">\n\t\t\t\t\t<\/div>\n\t\t\t\t<\/div>\n\t\t\t\t<\/div>","protected":false},"excerpt":{"rendered":"<p>\u00c9v\u00e9nements, Salons &#038; Innovations Technologiques D\u00e9couvrez les derni\u00e8res actualit\u00e9s de Dataserv : \u00e9v\u00e9nements technologiques, salons professionnels, nouveaut\u00e9s en cybers\u00e9curit\u00e9, solutions cloud et infrastructure IT pour entreprises.Nous partageons r\u00e9guli\u00e8rement nos expertises, nos projets et notre engagement dans le d\u00e9veloppement digital des entreprises en Tunisie et dans la r\u00e9gion. Dataserv au rendez-vous incontournable du e-commerce et de [&hellip;]<\/p>\n","protected":false},"author":1,"featured_media":0,"parent":0,"menu_order":0,"comment_status":"closed","ping_status":"closed","template":"","meta":{"footnotes":""},"class_list":["post-13266","page","type-page","status-publish","hentry"],"yoast_head":"<!-- This site is optimized with the Yoast SEO plugin v27.4 - https:\/\/yoast.com\/product\/yoast-seo-wordpress\/ -->\n<title>Actualit\u00e9s DataServ<\/title>\n<meta name=\"robots\" content=\"index, follow, max-snippet:-1, max-image-preview:large, max-video-preview:-1\" \/>\n<link rel=\"canonical\" href=\"https:\/\/www.dataserv.tn\/en\/actualites-dataserv\/\" \/>\n<meta property=\"og:locale\" content=\"en_US\" \/>\n<meta property=\"og:type\" content=\"article\" \/>\n<meta property=\"og:title\" content=\"Actualit\u00e9s DataServ\" \/>\n<meta property=\"og:description\" content=\"\u00c9v\u00e9nements, Salons &#038; Innovations Technologiques D\u00e9couvrez les derni\u00e8res actualit\u00e9s de Dataserv : \u00e9v\u00e9nements technologiques, salons professionnels, nouveaut\u00e9s en cybers\u00e9curit\u00e9, solutions cloud et infrastructure IT pour entreprises.Nous partageons r\u00e9guli\u00e8rement nos expertises, nos projets et notre engagement dans le d\u00e9veloppement digital des entreprises en Tunisie et dans la r\u00e9gion. Dataserv au rendez-vous incontournable du e-commerce et de [&hellip;]\" \/>\n<meta property=\"og:url\" content=\"https:\/\/www.dataserv.tn\/en\/actualites-dataserv\/\" \/>\n<meta property=\"og:site_name\" content=\"DATASERV\" \/>\n<meta property=\"article:publisher\" content=\"https:\/\/www.facebook.com\/dataserv1?locale=fr_FR\" \/>\n<meta property=\"article:modified_time\" content=\"2026-03-03T11:29:09+00:00\" \/>\n<meta property=\"og:image\" content=\"https:\/\/www.dataserv.tn\/wp-content\/uploads\/2026\/03\/titre-evenements-1.webp\" \/>\n<meta name=\"twitter:card\" content=\"summary_large_image\" \/>\n<meta name=\"twitter:label1\" content=\"Est. reading time\" \/>\n\t<meta name=\"twitter:data1\" content=\"1 minute\" \/>\n<script type=\"application\/ld+json\" class=\"yoast-schema-graph\">{\"@context\":\"https:\\\/\\\/schema.org\",\"@graph\":[{\"@type\":\"WebPage\",\"@id\":\"https:\\\/\\\/www.dataserv.tn\\\/actualites-dataserv\\\/\",\"url\":\"https:\\\/\\\/www.dataserv.tn\\\/actualites-dataserv\\\/\",\"name\":\"Actualit\u00e9s DataServ\",\"isPartOf\":{\"@id\":\"https:\\\/\\\/www.dataserv.tn\\\/#website\"},\"primaryImageOfPage\":{\"@id\":\"https:\\\/\\\/www.dataserv.tn\\\/actualites-dataserv\\\/#primaryimage\"},\"image\":{\"@id\":\"https:\\\/\\\/www.dataserv.tn\\\/actualites-dataserv\\\/#primaryimage\"},\"thumbnailUrl\":\"https:\\\/\\\/www.dataserv.tn\\\/wp-content\\\/uploads\\\/2026\\\/03\\\/titre-evenements-1.webp\",\"datePublished\":\"2026-03-02T09:56:22+00:00\",\"dateModified\":\"2026-03-03T11:29:09+00:00\",\"breadcrumb\":{\"@id\":\"https:\\\/\\\/www.dataserv.tn\\\/actualites-dataserv\\\/#breadcrumb\"},\"inLanguage\":\"en-US\",\"potentialAction\":[{\"@type\":\"ReadAction\",\"target\":[\"https:\\\/\\\/www.dataserv.tn\\\/actualites-dataserv\\\/\"]}]},{\"@type\":\"ImageObject\",\"inLanguage\":\"en-US\",\"@id\":\"https:\\\/\\\/www.dataserv.tn\\\/actualites-dataserv\\\/#primaryimage\",\"url\":\"https:\\\/\\\/www.dataserv.tn\\\/wp-content\\\/uploads\\\/2026\\\/03\\\/titre-evenements-1.webp\",\"contentUrl\":\"https:\\\/\\\/www.dataserv.tn\\\/wp-content\\\/uploads\\\/2026\\\/03\\\/titre-evenements-1.webp\"},{\"@type\":\"BreadcrumbList\",\"@id\":\"https:\\\/\\\/www.dataserv.tn\\\/actualites-dataserv\\\/#breadcrumb\",\"itemListElement\":[{\"@type\":\"ListItem\",\"position\":1,\"name\":\"Accueil\",\"item\":\"https:\\\/\\\/www.dataserv.tn\\\/\"},{\"@type\":\"ListItem\",\"position\":2,\"name\":\"Actualit\u00e9s\"}]},{\"@type\":\"WebSite\",\"@id\":\"https:\\\/\\\/www.dataserv.tn\\\/#website\",\"url\":\"https:\\\/\\\/www.dataserv.tn\\\/\",\"name\":\"DATASERV\",\"description\":\"\",\"publisher\":{\"@id\":\"https:\\\/\\\/www.dataserv.tn\\\/#organization\"},\"potentialAction\":[{\"@type\":\"SearchAction\",\"target\":{\"@type\":\"EntryPoint\",\"urlTemplate\":\"https:\\\/\\\/www.dataserv.tn\\\/?s={search_term_string}\"},\"query-input\":{\"@type\":\"PropertyValueSpecification\",\"valueRequired\":true,\"valueName\":\"search_term_string\"}}],\"inLanguage\":\"en-US\"},{\"@type\":\"Organization\",\"@id\":\"https:\\\/\\\/www.dataserv.tn\\\/#organization\",\"name\":\"DATASERV\",\"url\":\"https:\\\/\\\/www.dataserv.tn\\\/\",\"logo\":{\"@type\":\"ImageObject\",\"inLanguage\":\"en-US\",\"@id\":\"https:\\\/\\\/www.dataserv.tn\\\/#\\\/schema\\\/logo\\\/image\\\/\",\"url\":\"https:\\\/\\\/www.dataserv.tn\\\/wp-content\\\/uploads\\\/2021\\\/11\\\/cropped-LOGO_DATASERV-removebg-preview-1-1.png\",\"contentUrl\":\"https:\\\/\\\/www.dataserv.tn\\\/wp-content\\\/uploads\\\/2021\\\/11\\\/cropped-LOGO_DATASERV-removebg-preview-1-1.png\",\"width\":446,\"height\":517,\"caption\":\"DATASERV\"},\"image\":{\"@id\":\"https:\\\/\\\/www.dataserv.tn\\\/#\\\/schema\\\/logo\\\/image\\\/\"},\"sameAs\":[\"https:\\\/\\\/www.facebook.com\\\/dataserv1?locale=fr_FR\",\"https:\\\/\\\/www.instagram.com\\\/dataserv.tn\\\/\"]}]}<\/script>\n<!-- \/ Yoast SEO plugin. -->","yoast_head_json":{"title":"Actualit\u00e9s DataServ","robots":{"index":"index","follow":"follow","max-snippet":"max-snippet:-1","max-image-preview":"max-image-preview:large","max-video-preview":"max-video-preview:-1"},"canonical":"https:\/\/www.dataserv.tn\/en\/actualites-dataserv\/","og_locale":"en_US","og_type":"article","og_title":"Actualit\u00e9s DataServ","og_description":"\u00c9v\u00e9nements, Salons &#038; Innovations Technologiques D\u00e9couvrez les derni\u00e8res actualit\u00e9s de Dataserv : \u00e9v\u00e9nements technologiques, salons professionnels, nouveaut\u00e9s en cybers\u00e9curit\u00e9, solutions cloud et infrastructure IT pour entreprises.Nous partageons r\u00e9guli\u00e8rement nos expertises, nos projets et notre engagement dans le d\u00e9veloppement digital des entreprises en Tunisie et dans la r\u00e9gion. Dataserv au rendez-vous incontournable du e-commerce et de [&hellip;]","og_url":"https:\/\/www.dataserv.tn\/en\/actualites-dataserv\/","og_site_name":"DATASERV","article_publisher":"https:\/\/www.facebook.com\/dataserv1?locale=fr_FR","article_modified_time":"2026-03-03T11:29:09+00:00","og_image":[{"url":"https:\/\/www.dataserv.tn\/wp-content\/uploads\/2026\/03\/titre-evenements-1.webp","type":"","width":"","height":""}],"twitter_card":"summary_large_image","twitter_misc":{"Est. reading time":"1 minute"},"schema":{"@context":"https:\/\/schema.org","@graph":[{"@type":"WebPage","@id":"https:\/\/www.dataserv.tn\/actualites-dataserv\/","url":"https:\/\/www.dataserv.tn\/actualites-dataserv\/","name":"Actualit\u00e9s DataServ","isPartOf":{"@id":"https:\/\/www.dataserv.tn\/#website"},"primaryImageOfPage":{"@id":"https:\/\/www.dataserv.tn\/actualites-dataserv\/#primaryimage"},"image":{"@id":"https:\/\/www.dataserv.tn\/actualites-dataserv\/#primaryimage"},"thumbnailUrl":"https:\/\/www.dataserv.tn\/wp-content\/uploads\/2026\/03\/titre-evenements-1.webp","datePublished":"2026-03-02T09:56:22+00:00","dateModified":"2026-03-03T11:29:09+00:00","breadcrumb":{"@id":"https:\/\/www.dataserv.tn\/actualites-dataserv\/#breadcrumb"},"inLanguage":"en-US","potentialAction":[{"@type":"ReadAction","target":["https:\/\/www.dataserv.tn\/actualites-dataserv\/"]}]},{"@type":"ImageObject","inLanguage":"en-US","@id":"https:\/\/www.dataserv.tn\/actualites-dataserv\/#primaryimage","url":"https:\/\/www.dataserv.tn\/wp-content\/uploads\/2026\/03\/titre-evenements-1.webp","contentUrl":"https:\/\/www.dataserv.tn\/wp-content\/uploads\/2026\/03\/titre-evenements-1.webp"},{"@type":"BreadcrumbList","@id":"https:\/\/www.dataserv.tn\/actualites-dataserv\/#breadcrumb","itemListElement":[{"@type":"ListItem","position":1,"name":"Accueil","item":"https:\/\/www.dataserv.tn\/"},{"@type":"ListItem","position":2,"name":"Actualit\u00e9s"}]},{"@type":"WebSite","@id":"https:\/\/www.dataserv.tn\/#website","url":"https:\/\/www.dataserv.tn\/","name":"DATASERV","description":"","publisher":{"@id":"https:\/\/www.dataserv.tn\/#organization"},"potentialAction":[{"@type":"SearchAction","target":{"@type":"EntryPoint","urlTemplate":"https:\/\/www.dataserv.tn\/?s={search_term_string}"},"query-input":{"@type":"PropertyValueSpecification","valueRequired":true,"valueName":"search_term_string"}}],"inLanguage":"en-US"},{"@type":"Organization","@id":"https:\/\/www.dataserv.tn\/#organization","name":"DATASERV","url":"https:\/\/www.dataserv.tn\/","logo":{"@type":"ImageObject","inLanguage":"en-US","@id":"https:\/\/www.dataserv.tn\/#\/schema\/logo\/image\/","url":"https:\/\/www.dataserv.tn\/wp-content\/uploads\/2021\/11\/cropped-LOGO_DATASERV-removebg-preview-1-1.png","contentUrl":"https:\/\/www.dataserv.tn\/wp-content\/uploads\/2021\/11\/cropped-LOGO_DATASERV-removebg-preview-1-1.png","width":446,"height":517,"caption":"DATASERV"},"image":{"@id":"https:\/\/www.dataserv.tn\/#\/schema\/logo\/image\/"},"sameAs":["https:\/\/www.facebook.com\/dataserv1?locale=fr_FR","https:\/\/www.instagram.com\/dataserv.tn\/"]}]}},"_links":{"self":[{"href":"https:\/\/www.dataserv.tn\/en\/wp-json\/wp\/v2\/pages\/13266","targetHints":{"allow":["GET"]}}],"collection":[{"href":"https:\/\/www.dataserv.tn\/en\/wp-json\/wp\/v2\/pages"}],"about":[{"href":"https:\/\/www.dataserv.tn\/en\/wp-json\/wp\/v2\/types\/page"}],"author":[{"embeddable":true,"href":"https:\/\/www.dataserv.tn\/en\/wp-json\/wp\/v2\/users\/1"}],"replies":[{"embeddable":true,"href":"https:\/\/www.dataserv.tn\/en\/wp-json\/wp\/v2\/comments?post=13266"}],"version-history":[{"count":13,"href":"https:\/\/www.dataserv.tn\/en\/wp-json\/wp\/v2\/pages\/13266\/revisions"}],"predecessor-version":[{"id":13380,"href":"https:\/\/www.dataserv.tn\/en\/wp-json\/wp\/v2\/pages\/13266\/revisions\/13380"}],"wp:attachment":[{"href":"https:\/\/www.dataserv.tn\/en\/wp-json\/wp\/v2\/media?parent=13266"}],"curies":[{"name":"wp","href":"https:\/\/api.w.org\/{rel}","templated":true}]}}